{"id":984,"date":"2023-12-13T22:24:47","date_gmt":"2023-12-13T22:24:47","guid":{"rendered":"https:\/\/www.greenpalacesuite.com\/about-as\/"},"modified":"2024-05-28T22:59:37","modified_gmt":"2024-05-28T22:59:37","slug":"about-as","status":"publish","type":"page","link":"https:\/\/www.greenpalacesuite.com\/en\/about-as\/","title":{"rendered":"About Us"},"content":{"rendered":"<section class=\"wpb-content-wrapper\"><p>[vc_row equal_height=&#8221;yes&#8221; fixed_width=&#8221;full&#8221; css=&#8221;.vc_custom_1714599510126{margin: 0px !important;padding: 10px !important;border: 0px initial !important;}&#8221;][vc_column css=&#8221;.vc_custom_1714599615708{margin: 0px !important;padding: 0px !important;border: 0px initial !important;}&#8221;]<div class=\"sohohotel-fixed-height-text-image-wrapper sohohotel-clearfix\"><div class=\"sohohotel-fixed-height-text-wrapper sohohotel-fixed-height-text-wrapper-left\"><h3 class=\"sohohotel-title-28px sohohotel-clearfix sohohotel-title-left\">Green Palace Suite<\/h3><\/p>\n<pre><em>Green Palace is a quiet and peaceful hotel located in the middle of Trabzon's unique natural beauties. Our rooms, each with a magnificent view of the Black Sea, have been carefully designed to offer our guests a comfortable and enjoyable accommodation experience. Our guests will feel at home while cooling off in our open-air swimming pool or tasting the flavors of Hatay cuisine in our hotel's kebab restaurant.<\/em><\/pre>\n<p><\/div><div class=\"sohohotel-fixed-height-image-wrapper sohohotel-fixed-height-image-wrapper-right\"><div class=\"sohohotel-fixed-height-image\" style=\"background-image: url(https:\/\/www.greenpalacesuite.com\/wp-content\/uploads\/2024\/04\/hakkimizda-.jpg); background-size: 600px 400px; height: 400px;\"><\/div><\/div><\/div><div class=\"sohohotel-fixed-height-text-image-wrapper sohohotel-clearfix\"><div class=\"sohohotel-fixed-height-text-wrapper sohohotel-fixed-height-text-wrapper-right\"><h3 class=\"sohohotel-title-28px sohohotel-clearfix sohohotel-title-left\">Central Location<\/h3><\/p>\n<pre>\"Green Palace is centrally located in the heart of Trabzon. Surrounded by the magnificent view of the Black Sea, our hotel provides easy access to the main points of the city. In addition to being surrounded by the peaceful atmosphere of nature, it is also close to the surrounding tourist and commercial centers \"While Green Palace offers its guests the opportunity to discover all the charm of the city, it also offers a quiet accommodation experience.\"<\/pre>\n<p><\/div><div class=\"sohohotel-fixed-height-image-wrapper sohohotel-fixed-height-image-wrapper-left\"><div class=\"sohohotel-fixed-height-image\" style=\"background-image: url(https:\/\/www.greenpalacesuite.com\/wp-content\/uploads\/2024\/04\/hakkimizda-_lokasyon.jpg); background-size: 600px 400px; height: 400px;\"><\/div><\/div><\/div><div class=\"sohohotel-fixed-height-text-image-wrapper sohohotel-clearfix\"><div class=\"sohohotel-fixed-height-text-wrapper sohohotel-fixed-height-text-wrapper-right\"><h3 class=\"sohohotel-title-28px sohohotel-clearfix sohohotel-title-left\">Kebap\u00e7\u0131m Hatay Sofras\u0131<\/h3><\/p>\n<ul>\n<li>The most valuable part of our hotel is our kebab restaurant, located just a few steps away. This place, which offers the flavors of Hatay cuisine, will give your lips an unforgettable feast of taste. While we offer our guests a peaceful accommodation experience, we also enable them to meet different local tastes of Turkish cuisine in our kebab restaurant, which delights the palate with the flavors of Hatay cuisine.<\/li>\n<\/ul>\n<p><\/div><div class=\"sohohotel-fixed-height-image-wrapper sohohotel-fixed-height-image-wrapper-left\"><div class=\"sohohotel-fixed-height-image\" style=\"background-image: url(https:\/\/www.greenpalacesuite.com\/wp-content\/uploads\/2024\/04\/kebapcim_hatay_sofrasi.jpg); background-size: 600px 400px; height: 400px;\"><\/div><\/div><\/div><div class=\"sohohotel-fixed-height-text-image-wrapper sohohotel-clearfix\"><div class=\"sohohotel-fixed-height-text-wrapper sohohotel-fixed-height-text-wrapper-left\"><h3 class=\"sohohotel-title-28px sohohotel-clearfix sohohotel-title-left\">MaviTUR<\/h3><\/p>\n<pre>In addition, inviting sea lovers to an unforgettable adventure, Green Palace stands out with its sea tours accompanied by Trabzon's unique Black Sea view. Our sea cruise ship offers an unforgettable sea adventure for our guests who want to explore the magnificent coasts of the Black Sea. Green Palace offers its guests a unique holiday experience in terms of both accommodation and experience<\/pre>\n<p><\/div><div class=\"sohohotel-fixed-height-image-wrapper sohohotel-fixed-height-image-wrapper-right\"><div class=\"sohohotel-fixed-height-image\" style=\"background-image: url(https:\/\/www.greenpalacesuite.com\/wp-content\/uploads\/2024\/04\/mavitur.jpg); background-size: 600px 400px; height: 400px;\"><\/div><\/div><\/div>[vc_single_image image=&#8221;429&#8243; img_size=&#8221;Full&#8221; add_caption=&#8221;yes&#8221; alignment=&#8221;center&#8221;][\/vc_column][\/vc_row]<\/p>\n<\/section>","protected":false},"excerpt":{"rendered":"<p>[vc_row equal_height=&#8221;yes&#8221; fixed_width=&#8221;full&#8221; css=&#8221;.vc_custom_1714599510126{margin: 0px !important;padding: 10px !important;border: 0px initial !important;}&#8221;][vc_column css=&#8221;.vc_custom_1714599615708{margin: 0px !important;padding: 0px !important;border: 0px initial !important;}&#8221;][vc_single_image image=&#8221;429&#8243; img_size=&#8221;Full&#8221; add_caption=&#8221;yes&#8221; alignment=&#8221;center&#8221;][\/vc_column][\/vc_row]<\/p>\n<a href=\"https:\/\/www.greenpalacesuite.com\/en\/about-as\/\" class=\"sohohotel-more-link\">Read More<\/a>","protected":false},"author":1,"featured_media":0,"parent":0,"menu_order":0,"comment_status":"closed","ping_status":"closed","template":"","meta":{"inline_featured_image":false,"footnotes":""},"class_list":["post-984","page","type-page","status-publish","hentry"],"_links":{"self":[{"href":"https:\/\/www.greenpalacesuite.com\/en\/wp-json\/wp\/v2\/pages\/984","targetHints":{"allow":["GET"]}}],"collection":[{"href":"https:\/\/www.greenpalacesuite.com\/en\/wp-json\/wp\/v2\/pages"}],"about":[{"href":"https:\/\/www.greenpalacesuite.com\/en\/wp-json\/wp\/v2\/types\/page"}],"author":[{"embeddable":true,"href":"https:\/\/www.greenpalacesuite.com\/en\/wp-json\/wp\/v2\/users\/1"}],"replies":[{"embeddable":true,"href":"https:\/\/www.greenpalacesuite.com\/en\/wp-json\/wp\/v2\/comments?post=984"}],"version-history":[{"count":3,"href":"https:\/\/www.greenpalacesuite.com\/en\/wp-json\/wp\/v2\/pages\/984\/revisions"}],"predecessor-version":[{"id":987,"href":"https:\/\/www.greenpalacesuite.com\/en\/wp-json\/wp\/v2\/pages\/984\/revisions\/987"}],"wp:attachment":[{"href":"https:\/\/www.greenpalacesuite.com\/en\/wp-json\/wp\/v2\/media?parent=984"}],"curies":[{"name":"wp","href":"https:\/\/api.w.org\/{rel}","templated":true}]}}